{"id":11944,"date":"2012-01-04T11:49:01","date_gmt":"2012-01-04T09:49:01","guid":{"rendered":"http:\/\/davidbosman.fr\/blog\/?page_id=11944"},"modified":"2019-01-08T10:29:05","modified_gmt":"2019-01-08T09:29:05","slug":"qui","status":"publish","type":"page","link":"https:\/\/www.davidbosman.fr\/blog\/qui\/","title":{"rendered":"Qui ?"},"content":{"rendered":"<p><img decoding=\"async\" src=\"http:\/\/davidbosman.fr\/blog\/wp-content\/uploads\/2010\/03\/david-bosman2010.png\" alt=\"\" width=\"450\" \/><\/p>\n\n<p>Derni\u00e8re mise \u00e0 jour: \u00a0janvier 2019.<\/p>\n\n<p>Je suis un geek, un lecteur et un auteur. Je suis pas c\u00e9libataire. Je suis belge mais je vis en France depuis le d\u00e9but des ann\u00e9es 2000. J&#8217;aie le th\u00e9 et le caf\u00e9. Je suis n\u00e9 en 1970.<\/p>\n\n<p>Mon premier ordinateur \u00e9tait un Apple II, mon premier PC une machine sous Windows 3.X. Depuis, je n&#8217;ai jamais cess\u00e9 d&#8217;utiliser \u00e0 la fois Mac et Windows. j&#8217;ai d\u00e9marr\u00e9 ce blog en 2003.<\/p>\n\n<p>Dans une vie ant\u00e9rieur, j&#8217;a cr\u00e9\u00e9 et dirig\u00e9 un magazine photo, ainsi qu&#8217;un magazine d\u00e9di\u00e9 \u00e0 l&#8217;univers d&#8217;Apple. Sous mon nom et pas mal de pseudo, j&#8217;ai publi\u00e9 un paquet de manuels, tous relatifs \u00e0 l&#8217;informatique ou \u00e0 la photo.<\/p>\n\n<p>Apr\u00e8s une pause de quelques ann\u00e9es, en janvier 2019, j&#8217;ai d\u00e9cid\u00e9 de ressusciter le blog comme un pr\u00e9texte pour apprendre \u00e0 \u00e9crire en anglais.<\/p>\n","protected":false},"excerpt":{"rendered":"<p>Derni\u00e8re mise \u00e0 jour: \u00a0janvier 2019. Je suis un geek, un lecteur et un auteur. Je suis pas c\u00e9libataire. Je suis belge mais je vis en France depuis le d\u00e9but des ann\u00e9es 2000. J&#8217;aie le th\u00e9 et le caf\u00e9. Je &hellip; <a href=\"https:\/\/www.davidbosman.fr\/blog\/qui\/\">Read more &rarr;<\/a><\/p>","protected":false},"author":2,"featured_media":0,"parent":0,"menu_order":2,"comment_status":"closed","ping_status":"closed","template":"","meta":{"footnotes":""},"class_list":["post-11944","page","type-page","status-publish","hentry"],"_links":{"self":[{"href":"https:\/\/www.davidbosman.fr\/blog\/wp-json\/wp\/v2\/pages\/11944","targetHints":{"allow":["GET"]}}],"collection":[{"href":"https:\/\/www.davidbosman.fr\/blog\/wp-json\/wp\/v2\/pages"}],"about":[{"href":"https:\/\/www.davidbosman.fr\/blog\/wp-json\/wp\/v2\/types\/page"}],"author":[{"embeddable":true,"href":"https:\/\/www.davidbosman.fr\/blog\/wp-json\/wp\/v2\/users\/2"}],"replies":[{"embeddable":true,"href":"https:\/\/www.davidbosman.fr\/blog\/wp-json\/wp\/v2\/comments?post=11944"}],"version-history":[{"count":34,"href":"https:\/\/www.davidbosman.fr\/blog\/wp-json\/wp\/v2\/pages\/11944\/revisions"}],"predecessor-version":[{"id":17074,"href":"https:\/\/www.davidbosman.fr\/blog\/wp-json\/wp\/v2\/pages\/11944\/revisions\/17074"}],"wp:attachment":[{"href":"https:\/\/www.davidbosman.fr\/blog\/wp-json\/wp\/v2\/media?parent=11944"}],"curies":[{"name":"wp","href":"https:\/\/api.w.org\/{rel}","templated":true}]}}